{"id":410,"date":"2025-04-30T10:42:45","date_gmt":"2025-04-30T08:42:45","guid":{"rendered":"https:\/\/synonord.de\/fotopool\/?page_id=410"},"modified":"2025-10-20T20:33:50","modified_gmt":"2025-10-20T18:33:50","slug":"fredak-mv","status":"publish","type":"page","link":"https:\/\/synonord.de\/fotopool\/fredak-mv\/","title":{"rendered":"fredak Fotos \u00dcbersicht"},"content":{"rendered":"<p><span style=\"font-size: 14pt;\"><strong>Foto-Pool f\u00fcr Events von fredak MV<\/strong><\/span><\/p>\n<p>&nbsp;<\/p>\n<ul>\n<li><strong><a href=\"https:\/\/synonord.de\/fotopool\/freisprung-2025\/\">Freisprung 2025<\/a><a href=\"https:\/\/synonord.de\/fotopool\/wp-content\/uploads\/2025\/10\/Freisprung_2025_Foto_Maren-Winter140-scaled.jpg\"><img loading=\"lazy\" decoding=\"async\" class=\"alignleft wp-image-892\" src=\"https:\/\/synonord.de\/fotopool\/wp-content\/uploads\/2025\/10\/Freisprung_2025_Foto_Maren-Winter140-200x200.jpg\" alt=\"\" width=\"100\" height=\"67\" srcset=\"https:\/\/synonord.de\/fotopool\/wp-content\/uploads\/2025\/10\/Freisprung_2025_Foto_Maren-Winter140-350x233.jpg 350w, https:\/\/synonord.de\/fotopool\/wp-content\/uploads\/2025\/10\/Freisprung_2025_Foto_Maren-Winter140-768x512.jpg 768w, https:\/\/synonord.de\/fotopool\/wp-content\/uploads\/2025\/10\/Freisprung_2025_Foto_Maren-Winter140-1536x1024.jpg 1536w, https:\/\/synonord.de\/fotopool\/wp-content\/uploads\/2025\/10\/Freisprung_2025_Foto_Maren-Winter140-2048x1365.jpg 2048w\" sizes=\"auto, (max-width: 100px) 100vw, 100px\" \/><\/a><\/strong><br \/>\nEr\u00f6ffnung, Ausstellung,<br \/>\nPreisverleihung und anderes<br \/>\n\u00a0<\/p>\n<\/li>\n<li><strong><a href=\"https:\/\/synonord.de\/fotopool\/lehsten-april-2025\/\">Lehsten April 2024\u00a0<\/a><a href=\"https:\/\/synonord.de\/fotopool\/lehsten-april-2025\/\"><img loading=\"lazy\" decoding=\"async\" class=\"alignleft wp-image-143\" src=\"https:\/\/synonord.de\/fotopool\/wp-content\/uploads\/2025\/04\/fredak_Workshop_2025_mit_Maskenbildnerin_Beatrice-Rauch_Foto_Maren-Winter_002-200x200.jpg\" alt=\"\" width=\"100\" height=\"67\" srcset=\"https:\/\/synonord.de\/fotopool\/wp-content\/uploads\/2025\/04\/fredak_Workshop_2025_mit_Maskenbildnerin_Beatrice-Rauch_Foto_Maren-Winter_002-350x233.jpg 350w, https:\/\/synonord.de\/fotopool\/wp-content\/uploads\/2025\/04\/fredak_Workshop_2025_mit_Maskenbildnerin_Beatrice-Rauch_Foto_Maren-Winter_002-768x512.jpg 768w, https:\/\/synonord.de\/fotopool\/wp-content\/uploads\/2025\/04\/fredak_Workshop_2025_mit_Maskenbildnerin_Beatrice-Rauch_Foto_Maren-Winter_002.jpg 1500w\" sizes=\"auto, (max-width: 100px) 100vw, 100px\" \/><\/a> <\/strong><br \/>\nMitgliederversammlung, <br \/>\nWorkshop B\u00fchnen-Make-up, <br \/>\nWorkshop Pressefotos f\u00fcr Mitglieder<\/p>\n<p>\n<\/li>\n<li><strong><a href=\"https:\/\/synonord.de\/fotopool\/ameisenstrasse\/\">Ameisenstra\u00dfe<\/a><a href=\"https:\/\/synonord.de\/fotopool\/ameisenstrasse\/\"><img loading=\"lazy\" decoding=\"async\" class=\"alignleft wp-image-639\" src=\"https:\/\/synonord.de\/fotopool\/wp-content\/uploads\/2025\/04\/aZ50_7234-200x200.jpg\" alt=\"\" width=\"100\" height=\"67\" srcset=\"https:\/\/synonord.de\/fotopool\/wp-content\/uploads\/2025\/04\/aZ50_7234-350x233.jpg 350w, https:\/\/synonord.de\/fotopool\/wp-content\/uploads\/2025\/04\/aZ50_7234-768x512.jpg 768w, https:\/\/synonord.de\/fotopool\/wp-content\/uploads\/2025\/04\/aZ50_7234.jpg 1500w\" sizes=\"auto, (max-width: 100px) 100vw, 100px\" \/><\/a> <\/strong><br \/>\nAuff\u00fchrungen in verschiedenen St\u00e4dten<\/p>\n<p>\u00a0<\/p>\n<\/li>\n<li><strong><a href=\"https:\/\/synonord.de\/fotopool\/brot-salz\/\">Brot &amp; Salz<\/a><a href=\"https:\/\/synonord.de\/fotopool\/brot-salz\/\"><img loading=\"lazy\" decoding=\"async\" class=\"alignleft wp-image-420\" src=\"https:\/\/synonord.de\/fotopool\/wp-content\/uploads\/2025\/04\/Brot-Salz_Buchholz-2024_Birte-Bernstein_Foto_Maren-Winter026-200x200.jpg\" alt=\"\" width=\"100\" height=\"71\" srcset=\"https:\/\/synonord.de\/fotopool\/wp-content\/uploads\/2025\/04\/Brot-Salz_Buchholz-2024_Birte-Bernstein_Foto_Maren-Winter026-350x250.jpg 350w, https:\/\/synonord.de\/fotopool\/wp-content\/uploads\/2025\/04\/Brot-Salz_Buchholz-2024_Birte-Bernstein_Foto_Maren-Winter026-768x548.jpg 768w, https:\/\/synonord.de\/fotopool\/wp-content\/uploads\/2025\/04\/Brot-Salz_Buchholz-2024_Birte-Bernstein_Foto_Maren-Winter026.jpg 1500w\" sizes=\"auto, (max-width: 100px) 100vw, 100px\" \/><\/a> <\/strong><br \/>\nProben und Auff\u00fchrungen<br \/>\n\u00a0<br \/>\n\u00a0<\/p>\n<p>\n<\/li>\n<li><a href=\"https:\/\/synonord.de\/fotopool\/putkuss\/\"><strong><img loading=\"lazy\" decoding=\"async\" class=\"alignleft wp-image-746\" src=\"https:\/\/synonord.de\/fotopool\/wp-content\/uploads\/2025\/04\/aklMZ6_3064.jpg\" alt=\"\" width=\"100\" height=\"67\" srcset=\"https:\/\/synonord.de\/fotopool\/wp-content\/uploads\/2025\/04\/aklMZ6_3064.jpg 2000w, https:\/\/synonord.de\/fotopool\/wp-content\/uploads\/2025\/04\/aklMZ6_3064-350x233.jpg 350w, https:\/\/synonord.de\/fotopool\/wp-content\/uploads\/2025\/04\/aklMZ6_3064-768x511.jpg 768w, https:\/\/synonord.de\/fotopool\/wp-content\/uploads\/2025\/04\/aklMZ6_3064-1536x1022.jpg 1536w\" sizes=\"auto, (max-width: 100px) 100vw, 100px\" \/>Putkuss Festival<\/strong> <\/a><br \/>\nOpen-Air in Putbus auf R\u00fcgen<\/li>\n<\/ul>\n<p>&nbsp;<\/p>\n","protected":false},"excerpt":{"rendered":"<p>Foto-Pool f\u00fcr Events von fredak MV &nbsp; Freisprung 2025 Er\u00f6ffnung, Ausstellung, Preisverleihung und anderes \u00a0 Lehsten April 2024\u00a0 Mitgliederversammlung, Workshop B\u00fchnen-Make-up, Workshop Pressefotos f\u00fcr Mitglieder Ameisenstra\u00dfe Auff\u00fchrungen in verschiedenen St\u00e4dten \u00a0 Brot &amp; Salz Proben und Auff\u00fchrungen \u00a0 \u00a0 Putkuss Festival Open-Air in Putbus auf R\u00fcgen &nbsp;<\/p>\n <a class=\"more-link\" href=\"https:\/\/synonord.de\/fotopool\/fredak-mv\/\"><span class=\"more-msg\">Weiterlesen &rarr;<\/span><\/a>","protected":false},"author":1,"featured_media":0,"parent":0,"menu_order":0,"comment_status":"closed","ping_status":"closed","template":"","meta":{"footnotes":""},"class_list":["post-410","page","type-page","status-publish","hentry"],"_links":{"self":[{"href":"https:\/\/synonord.de\/fotopool\/wp-json\/wp\/v2\/pages\/410","targetHints":{"allow":["GET"]}}],"collection":[{"href":"https:\/\/synonord.de\/fotopool\/wp-json\/wp\/v2\/pages"}],"about":[{"href":"https:\/\/synonord.de\/fotopool\/wp-json\/wp\/v2\/types\/page"}],"author":[{"embeddable":true,"href":"https:\/\/synonord.de\/fotopool\/wp-json\/wp\/v2\/users\/1"}],"replies":[{"embeddable":true,"href":"https:\/\/synonord.de\/fotopool\/wp-json\/wp\/v2\/comments?post=410"}],"version-history":[{"count":10,"href":"https:\/\/synonord.de\/fotopool\/wp-json\/wp\/v2\/pages\/410\/revisions"}],"predecessor-version":[{"id":917,"href":"https:\/\/synonord.de\/fotopool\/wp-json\/wp\/v2\/pages\/410\/revisions\/917"}],"wp:attachment":[{"href":"https:\/\/synonord.de\/fotopool\/wp-json\/wp\/v2\/media?parent=410"}],"curies":[{"name":"wp","href":"https:\/\/api.w.org\/{rel}","templated":true}]}}